{"id":18,"date":"2019-11-27T11:07:34","date_gmt":"2019-11-27T11:07:34","guid":{"rendered":"http:\/\/wordpress2020.zahnarztpraxis-buchenbach.de\/?page_id=18"},"modified":"2025-03-07T08:56:21","modified_gmt":"2025-03-07T08:56:21","slug":"behandlung","status":"publish","type":"page","link":"https:\/\/zahnarztpraxis-buchenbach.de\/?page_id=18","title":{"rendered":"Behandlung"},"content":{"rendered":"\t\t<div data-elementor-type=\"wp-page\" data-elementor-id=\"18\" class=\"elementor elementor-18\">\n\t\t\t\t\t\t<section class=\"elementor-section elementor-top-section elementor-element elementor-element-555ebb0 elementor-section-boxed elementor-section-height-default elementor-section-height-default\" data-id=\"555ebb0\" data-element_type=\"section\" data-e-type=\"section\">\n\t\t\t\t\t\t<div class=\"elementor-container elementor-column-gap-default\">\n\t\t\t\t\t<div class=\"elementor-column elementor-col-100 elementor-top-column elementor-element elementor-element-769e86b\" data-id=\"769e86b\" data-element_type=\"column\" data-e-type=\"column\">\n\t\t\t<div class=\"elementor-widget-wrap elementor-element-populated\">\n\t\t\t\t\t\t<div class=\"elementor-element elementor-element-e6b0483 elementor-widget elementor-widget-text-editor\" data-id=\"e6b0483\" data-element_type=\"widget\" data-e-type=\"widget\" data-widget_type=\"text-editor.default\">\n\t\t\t\t<div class=\"elementor-widget-container\">\n\t\t\t\t\t\t\t\t\t<p>Uns ist es besonders wichtig, dass sie sich bei uns wohl f\u00fchlen und mit einem guten Gef\u00fchl in unsere R\u00e4umlichkeiten kommen k\u00f6nnen.<\/p><p>Bei ihrem ersten Besuch nehmen wir uns besonders viel Zeit f\u00fcr eine fundierte und umfassende Diagnostik und erarbeiten mit ihnen ein individuell auf sie abgestimmtes Behandlungskonzept. F\u00fcr unsere Arbeit ist die Grundvoraussetzung eine Therapie auf dem aktuellsten wissenschaftlichen Stand, mit hochwertigsten Materialien und verst\u00e4ndlicher Kostentransparenz.<\/p>\t\t\t\t\t\t\t\t<\/div>\n\t\t\t\t<\/div>\n\t\t\t\t\t<\/div>\n\t\t<\/div>\n\t\t\t\t\t<\/div>\n\t\t<\/section>\n\t\t\t\t<section class=\"elementor-section elementor-top-section elementor-element elementor-element-a110ded elementor-section-boxed elementor-section-height-default elementor-section-height-default\" data-id=\"a110ded\" data-element_type=\"section\" data-e-type=\"section\">\n\t\t\t\t\t\t<div class=\"elementor-container elementor-column-gap-default\">\n\t\t\t\t\t<div class=\"elementor-column elementor-col-100 elementor-top-column elementor-element elementor-element-237f244\" data-id=\"237f244\" data-element_type=\"column\" data-e-type=\"column\">\n\t\t\t<div class=\"elementor-widget-wrap elementor-element-populated\">\n\t\t\t\t\t\t<div class=\"elementor-element elementor-element-6f5ec05 elementor-widget-divider--view-line elementor-widget elementor-widget-divider\" data-id=\"6f5ec05\" data-element_type=\"widget\" data-e-type=\"widget\" data-widget_type=\"divider.default\">\n\t\t\t\t<div class=\"elementor-widget-container\">\n\t\t\t\t\t\t\t<div class=\"elementor-divider\">\n\t\t\t<span class=\"elementor-divider-separator\">\n\t\t\t\t\t\t<\/span>\n\t\t<\/div>\n\t\t\t\t\t\t<\/div>\n\t\t\t\t<\/div>\n\t\t\t\t<div class=\"elementor-element elementor-element-975140c elementor-widget elementor-widget-spacer\" data-id=\"975140c\" data-element_type=\"widget\" data-e-type=\"widget\" data-widget_type=\"spacer.default\">\n\t\t\t\t<div class=\"elementor-widget-container\">\n\t\t\t\t\t\t\t<div class=\"elementor-spacer\">\n\t\t\t<div class=\"elementor-spacer-inner\"><\/div>\n\t\t<\/div>\n\t\t\t\t\t\t<\/div>\n\t\t\t\t<\/div>\n\t\t\t\t\t<\/div>\n\t\t<\/div>\n\t\t\t\t\t<\/div>\n\t\t<\/section>\n\t\t\t\t<section class=\"elementor-section elementor-top-section elementor-element elementor-element-d49d293 elementor-section-boxed elementor-section-height-default elementor-section-height-default\" data-id=\"d49d293\" data-element_type=\"section\" data-e-type=\"section\">\n\t\t\t\t\t\t<div class=\"elementor-container elementor-column-gap-default\">\n\t\t\t\t\t<div class=\"elementor-column elementor-col-100 elementor-top-column elementor-element elementor-element-d16103b\" data-id=\"d16103b\" data-element_type=\"column\" data-e-type=\"column\">\n\t\t\t<div class=\"elementor-widget-wrap elementor-element-populated\">\n\t\t\t\t\t\t<div class=\"elementor-element elementor-element-a5b4d6c elementor-widget elementor-widget-toggle\" data-id=\"a5b4d6c\" data-element_type=\"widget\" data-e-type=\"widget\" data-widget_type=\"toggle.default\">\n\t\t\t\t<div class=\"elementor-widget-container\">\n\t\t\t\t\t\t\t<div class=\"elementor-toggle\">\n\t\t\t\t\t\t\t<div class=\"elementor-toggle-item\">\n\t\t\t\t\t<div id=\"elementor-tab-title-1731\" class=\"elementor-tab-title\" data-tab=\"1\" role=\"button\" aria-controls=\"elementor-tab-content-1731\" aria-expanded=\"false\">\n\t\t\t\t\t\t\t\t\t\t\t\t<a class=\"elementor-toggle-title\" tabindex=\"0\">Prophylaxe<\/a>\n\t\t\t\t\t<\/div>\n\n\t\t\t\t\t<div id=\"elementor-tab-content-1731\" class=\"elementor-tab-content elementor-clearfix\" data-tab=\"1\" role=\"region\" aria-labelledby=\"elementor-tab-title-1731\"><p><span style=\"font-family: Montserrat;\">Die Pr\u00e4vention von Krankheiten. Eine optimale Mundhygiene ist die Basis eines gesunden Menschen, denn viele Krankheiten k\u00f6nnen durch chronische Entz\u00fcndungen im Mundraum verst\u00e4rkt werden. Mit einem individuell auf sie zugeschnittenen Prophylaxeintervall, wollen wir ihnen zu einem m\u00f6glichst langfristigen Zahnerhalt verhelfen. F\u00fcr eine zahnhartsubstanzschonende Zahnreinigung verwenden unsere Prophylaxehelferinnen ein Pulverstrahlger\u00e4t der neuesten Generation.<\/span><\/p><\/div>\n\t\t\t\t<\/div>\n\t\t\t\t\t\t\t<div class=\"elementor-toggle-item\">\n\t\t\t\t\t<div id=\"elementor-tab-title-1732\" class=\"elementor-tab-title\" data-tab=\"2\" role=\"button\" aria-controls=\"elementor-tab-content-1732\" aria-expanded=\"false\">\n\t\t\t\t\t\t\t\t\t\t\t\t<a class=\"elementor-toggle-title\" tabindex=\"0\">Paradontologie<\/a>\n\t\t\t\t\t<\/div>\n\n\t\t\t\t\t<div id=\"elementor-tab-content-1732\" class=\"elementor-tab-content elementor-clearfix\" data-tab=\"2\" role=\"region\" aria-labelledby=\"elementor-tab-title-1732\"><p><span style=\"font-family: Montserrat;\">Bei jeder Kontrolluntersuchung wird auch ein parodontales Screening durchgef\u00fchrt, bei der der aktuelle Zustand des Zahnhalteapparates (Parodont) \u00fcberpr\u00fcft wird. Stellen wir bei ihnen eine Parodontitis fest, behandeln wir diese schonend und mit modernen Hilfsmitteln, wie zum Beispiel Pulverstrahlger\u00e4ten.<\/span><\/p><\/div>\n\t\t\t\t<\/div>\n\t\t\t\t\t\t\t<div class=\"elementor-toggle-item\">\n\t\t\t\t\t<div id=\"elementor-tab-title-1733\" class=\"elementor-tab-title\" data-tab=\"3\" role=\"button\" aria-controls=\"elementor-tab-content-1733\" aria-expanded=\"false\">\n\t\t\t\t\t\t\t\t\t\t\t\t<a class=\"elementor-toggle-title\" tabindex=\"0\">F\u00fcllungen<\/a>\n\t\t\t\t\t<\/div>\n\n\t\t\t\t\t<div id=\"elementor-tab-content-1733\" class=\"elementor-tab-content elementor-clearfix\" data-tab=\"3\" role=\"region\" aria-labelledby=\"elementor-tab-title-1733\"><p><span style=\"font-family: Montserrat;\">Wir sind eine amalgamfreie Praxis und bieten ihnen hochwertige zahnfarbene Kompositf\u00fcllungen in aufw\u00e4ndiger Mehrschichttechnik.<\/span><\/p><\/div>\n\t\t\t\t<\/div>\n\t\t\t\t\t\t\t<div class=\"elementor-toggle-item\">\n\t\t\t\t\t<div id=\"elementor-tab-title-1734\" class=\"elementor-tab-title\" data-tab=\"4\" role=\"button\" aria-controls=\"elementor-tab-content-1734\" aria-expanded=\"false\">\n\t\t\t\t\t\t\t\t\t\t\t\t<a class=\"elementor-toggle-title\" tabindex=\"0\">\u00c4sthetische Zahnheilkunde<\/a>\n\t\t\t\t\t<\/div>\n\n\t\t\t\t\t<div id=\"elementor-tab-content-1734\" class=\"elementor-tab-content elementor-clearfix\" data-tab=\"4\" role=\"region\" aria-labelledby=\"elementor-tab-title-1734\"><p><span style=\"font-family: Montserrat;\">Wir bieten nicht invasive Korrekturen der Frontzahn\u00e4sthetik aus Komposit oder Keramik, wie zum Beispiel Frontzahnl\u00fcckenschluss, Frontzahnverbreiterungen oder Schlie\u00dfen von \u201edunklen Frontzahndreiecken\u201c.<\/span>\u00a0<\/p><\/div>\n\t\t\t\t<\/div>\n\t\t\t\t\t\t\t<div class=\"elementor-toggle-item\">\n\t\t\t\t\t<div id=\"elementor-tab-title-1735\" class=\"elementor-tab-title\" data-tab=\"5\" role=\"button\" aria-controls=\"elementor-tab-content-1735\" aria-expanded=\"false\">\n\t\t\t\t\t\t\t\t\t\t\t\t<a class=\"elementor-toggle-title\" tabindex=\"0\">Zahnersatz<\/a>\n\t\t\t\t\t<\/div>\n\n\t\t\t\t\t<div id=\"elementor-tab-content-1735\" class=\"elementor-tab-content elementor-clearfix\" data-tab=\"5\" role=\"region\" aria-labelledby=\"elementor-tab-title-1735\"><p><span>In enger Zusammenarbeit mit unserem perfektionistischen Zahntechnikermeister im Eigenlabor legen wir einen besonderen Schwerpunkt auf biokompatible hoch\u00e4sthetische Materialien.<\/span><\/p><\/div>\n\t\t\t\t<\/div>\n\t\t\t\t\t\t\t<div class=\"elementor-toggle-item\">\n\t\t\t\t\t<div id=\"elementor-tab-title-1736\" class=\"elementor-tab-title\" data-tab=\"6\" role=\"button\" aria-controls=\"elementor-tab-content-1736\" aria-expanded=\"false\">\n\t\t\t\t\t\t\t\t\t\t\t\t<a class=\"elementor-toggle-title\" tabindex=\"0\">Digitale Zahnheilkunde<\/a>\n\t\t\t\t\t<\/div>\n\n\t\t\t\t\t<div id=\"elementor-tab-content-1736\" class=\"elementor-tab-content elementor-clearfix\" data-tab=\"6\" role=\"region\" aria-labelledby=\"elementor-tab-title-1736\"><p><span>Wir bieten moderne Verfahren mittels CAD\/CAM Technologie. In vielen F\u00e4llen ist Zahnersatz in einer Sitzung m\u00f6glich. Mit der anerkannten Cerec Technologie werden Inlays, Teilkronen und Kronen aus Keramik hergestellt und beim Patienten noch in der gleichen Sitzung eingesetzt.<\/span><\/p><\/div>\n\t\t\t\t<\/div>\n\t\t\t\t\t\t\t<div class=\"elementor-toggle-item\">\n\t\t\t\t\t<div id=\"elementor-tab-title-1737\" class=\"elementor-tab-title\" data-tab=\"7\" role=\"button\" aria-controls=\"elementor-tab-content-1737\" aria-expanded=\"false\">\n\t\t\t\t\t\t\t\t\t\t\t\t<a class=\"elementor-toggle-title\" tabindex=\"0\">Wurzelkanalbehandlungen<\/a>\n\t\t\t\t\t<\/div>\n\n\t\t\t\t\t<div id=\"elementor-tab-content-1737\" class=\"elementor-tab-content elementor-clearfix\" data-tab=\"7\" role=\"region\" aria-labelledby=\"elementor-tab-title-1737\"><p><em>\u201eDer beste Zahn ist der eigene Zahn\u201c.<\/em><span> Nach diesem Motto wollen wir m\u00f6glichst jeden Zahn erhalten. Nach sicherer und schmerzarmer Wurzelkanalaufbereitung, desinfizieren wir die Wurzelkan\u00e4le mittels ultraschallaktivierten Sp\u00fcll\u00f6sungen und einem Diodenlaser. Nach der Wurzelf\u00fcllung mit biokompatiblen Materialien wird der Zahn wieder bakteriendicht veschlossen. In vielen F\u00e4llen ist mittelfristig eine \u00dcberkronung des Zahnes sinnvoll.<\/span><\/p><\/div>\n\t\t\t\t<\/div>\n\t\t\t\t\t\t\t<div class=\"elementor-toggle-item\">\n\t\t\t\t\t<div id=\"elementor-tab-title-1738\" class=\"elementor-tab-title\" data-tab=\"8\" role=\"button\" aria-controls=\"elementor-tab-content-1738\" aria-expanded=\"false\">\n\t\t\t\t\t\t\t\t\t\t\t\t<a class=\"elementor-toggle-title\" tabindex=\"0\">Kinder<\/a>\n\t\t\t\t\t<\/div>\n\n\t\t\t\t\t<div id=\"elementor-tab-content-1738\" class=\"elementor-tab-content elementor-clearfix\" data-tab=\"8\" role=\"region\" aria-labelledby=\"elementor-tab-title-1738\"><p><span>Ab dem ersten Zahn ist ein Besuch in unserer Praxis sinnvoll. Bei uns steht die Vorfreude auf einen Zahnarztbesuch im Vordergund, indem ihre Kinder spielerisch und altersgerecht f\u00fcr eine optimale Mundhygiene sensibilisiert werden. Gleichzeitig wollen wir sie als Eltern dabei unterst\u00fctzen, durch Ern\u00e4hrungsberatung und Mundhygienetipps, ihren Kindern eine optimale Basis f\u00fcr eine nachhaltige Zahngesundheit zu erm\u00f6glichen. Sollte zum Beispiel eine F\u00fcllungstherapie notwendig sein, nehmen wir uns f\u00fcr die Behandlung besonders viel Zeit, damit es gar nicht erst zu einem Kindheitstrauma kommen kann.<\/span><\/p><\/div>\n\t\t\t\t<\/div>\n\t\t\t\t\t\t\t<div class=\"elementor-toggle-item\">\n\t\t\t\t\t<div id=\"elementor-tab-title-1739\" class=\"elementor-tab-title\" data-tab=\"9\" role=\"button\" aria-controls=\"elementor-tab-content-1739\" aria-expanded=\"false\">\n\t\t\t\t\t\t\t\t\t\t\t\t<a class=\"elementor-toggle-title\" tabindex=\"0\">Laserzahnheilkunde<\/a>\n\t\t\t\t\t<\/div>\n\n\t\t\t\t\t<div id=\"elementor-tab-content-1739\" class=\"elementor-tab-content elementor-clearfix\" data-tab=\"9\" role=\"region\" aria-labelledby=\"elementor-tab-title-1739\"><p><span>Egal ob bei Herpeserkrankungen, Aphtenbildung oder auch zur Unterst\u00fctzung bei Wurzelkanalbehandlungen, Parodontitistherapien oder nach chirurgischen Eingriffen kann der Diodenlaser zur Schmerzfreiheit und zur Bek\u00e4mpfung von Bakterien beitragen.<\/span><\/p><\/div>\n\t\t\t\t<\/div>\n\t\t\t\t\t\t\t<div class=\"elementor-toggle-item\">\n\t\t\t\t\t<div id=\"elementor-tab-title-17310\" class=\"elementor-tab-title\" data-tab=\"10\" role=\"button\" aria-controls=\"elementor-tab-content-17310\" aria-expanded=\"false\">\n\t\t\t\t\t\t\t\t\t\t\t\t<a class=\"elementor-toggle-title\" tabindex=\"0\">Kiefergelenkserkrankungen<\/a>\n\t\t\t\t\t<\/div>\n\n\t\t\t\t\t<div id=\"elementor-tab-content-17310\" class=\"elementor-tab-content elementor-clearfix\" data-tab=\"10\" role=\"region\" aria-labelledby=\"elementor-tab-title-17310\"><p><span>Durch n\u00e4chtliches Knirschen und Zusammenpressen der Z\u00e4hne, kann es zu Sch\u00e4digungen der Kiefergelenke und auch zu Problemen mit der Wirbels\u00e4ule oder anderen Gelenken kommen. Hier setzen wir mit einer Schienentherapie an, die auf unterschiedlichen neuromuskul\u00e4ren Mechanismen beruht, so dass eine Harmonisierung der Zahn- Muskel- und Kiefergelenkfunktionen erreicht wird. Wir arbeiten Hand in Hand mit empfehlenswerten Physiotherapeuten und Osteopathen.<\/span><\/p><\/div>\n\t\t\t\t<\/div>\n\t\t\t\t\t\t\t<div class=\"elementor-toggle-item\">\n\t\t\t\t\t<div id=\"elementor-tab-title-17311\" class=\"elementor-tab-title\" data-tab=\"11\" role=\"button\" aria-controls=\"elementor-tab-content-17311\" aria-expanded=\"false\">\n\t\t\t\t\t\t\t\t\t\t\t\t<a class=\"elementor-toggle-title\" tabindex=\"0\">Oralchirurgie<\/a>\n\t\t\t\t\t<\/div>\n\n\t\t\t\t\t<div id=\"elementor-tab-content-17311\" class=\"elementor-tab-content elementor-clearfix\" data-tab=\"11\" role=\"region\" aria-labelledby=\"elementor-tab-title-17311\"><p><span>Wir arbeiten eng mit einem freiburger Oralchirurgen zusammen, der vor Ort behutsam und erfahren die chirurgischen Eingriffe durchf\u00fchrt, wie z. B. Implantate oder Weisheitszahnextraktionen.<\/span><\/p><\/div>\n\t\t\t\t<\/div>\n\t\t\t\t\t\t\t\t<\/div>\n\t\t\t\t\t\t<\/div>\n\t\t\t\t<\/div>\n\t\t\t\t\t<\/div>\n\t\t<\/div>\n\t\t\t\t\t<\/div>\n\t\t<\/section>\n\t\t\t\t<section class=\"elementor-section elementor-top-section elementor-element elementor-element-9531c85 elementor-section-boxed elementor-section-height-default elementor-section-height-default\" data-id=\"9531c85\" data-element_type=\"section\" data-e-type=\"section\">\n\t\t\t\t\t\t<div class=\"elementor-container elementor-column-gap-default\">\n\t\t\t\t\t<div class=\"elementor-column elementor-col-100 elementor-top-column elementor-element elementor-element-d60675a\" data-id=\"d60675a\" data-element_type=\"column\" data-e-type=\"column\">\n\t\t\t<div class=\"elementor-widget-wrap elementor-element-populated\">\n\t\t\t\t\t\t<div class=\"elementor-element elementor-element-5a79ce6 elementor-widget elementor-widget-spacer\" data-id=\"5a79ce6\" data-element_type=\"widget\" data-e-type=\"widget\" data-widget_type=\"spacer.default\">\n\t\t\t\t<div class=\"elementor-widget-container\">\n\t\t\t\t\t\t\t<div class=\"elementor-spacer\">\n\t\t\t<div class=\"elementor-spacer-inner\"><\/div>\n\t\t<\/div>\n\t\t\t\t\t\t<\/div>\n\t\t\t\t<\/div>\n\t\t\t\t\t<\/div>\n\t\t<\/div>\n\t\t\t\t\t<\/div>\n\t\t<\/section>\n\t\t\t\t<\/div>\n\t\t","protected":false},"excerpt":{"rendered":"<p>Uns ist es besonders wichtig, dass sie sich bei uns wohl f\u00fchlen und mit einem guten Gef\u00fchl in unsere R\u00e4umlichkeiten kommen k\u00f6nnen. Bei ihrem ersten Besuch nehmen wir uns besonders viel Zeit f\u00fcr eine fundierte und umfassende Diagnostik und erarbeiten mit ihnen ein individuell auf sie abgestimmtes Behandlungskonzept. F\u00fcr unsere<\/p>\n","protected":false},"author":1,"featured_media":0,"parent":0,"menu_order":0,"comment_status":"closed","ping_status":"closed","template":"","meta":{"footnotes":""},"class_list":["post-18","page","type-page","status-publish","hentry"],"yoast_head":"<!-- This site is optimized with the Yoast SEO plugin v27.4 - https:\/\/yoast.com\/product\/yoast-seo-wordpress\/ -->\n<title>Behandlung - Zahnarztpraxis Buchenbach<\/title>\n<meta name=\"robots\" content=\"index, follow, max-snippet:-1, max-image-preview:large, max-video-preview:-1\" \/>\n<link rel=\"canonical\" href=\"https:\/\/zahnarztpraxis-buchenbach.de\/?page_id=18\" \/>\n<meta property=\"og:locale\" content=\"de_DE\" \/>\n<meta property=\"og:type\" content=\"article\" \/>\n<meta property=\"og:title\" content=\"Behandlung - Zahnarztpraxis Buchenbach\" \/>\n<meta property=\"og:description\" content=\"Uns ist es besonders wichtig, dass sie sich bei uns wohl f\u00fchlen und mit einem guten Gef\u00fchl in unsere R\u00e4umlichkeiten kommen k\u00f6nnen. Bei ihrem ersten Besuch nehmen wir uns besonders viel Zeit f\u00fcr eine fundierte und umfassende Diagnostik und erarbeiten mit ihnen ein individuell auf sie abgestimmtes Behandlungskonzept. F\u00fcr unsere\" \/>\n<meta property=\"og:url\" content=\"https:\/\/zahnarztpraxis-buchenbach.de\/?page_id=18\" \/>\n<meta property=\"og:site_name\" content=\"Zahnarztpraxis Buchenbach\" \/>\n<meta property=\"article:modified_time\" content=\"2025-03-07T08:56:21+00:00\" \/>\n<meta name=\"twitter:card\" content=\"summary_large_image\" \/>\n<meta name=\"twitter:label1\" content=\"Gesch\u00e4tzte Lesezeit\" \/>\n\t<meta name=\"twitter:data1\" content=\"3\u00a0Minuten\" \/>\n<script type=\"application\/ld+json\" class=\"yoast-schema-graph\">{\"@context\":\"https:\\\/\\\/schema.org\",\"@graph\":[{\"@type\":\"WebPage\",\"@id\":\"https:\\\/\\\/zahnarztpraxis-buchenbach.de\\\/?page_id=18\",\"url\":\"https:\\\/\\\/zahnarztpraxis-buchenbach.de\\\/?page_id=18\",\"name\":\"Behandlung - Zahnarztpraxis Buchenbach\",\"isPartOf\":{\"@id\":\"https:\\\/\\\/zahnarztpraxis-buchenbach.de\\\/#website\"},\"datePublished\":\"2019-11-27T11:07:34+00:00\",\"dateModified\":\"2025-03-07T08:56:21+00:00\",\"breadcrumb\":{\"@id\":\"https:\\\/\\\/zahnarztpraxis-buchenbach.de\\\/?page_id=18#breadcrumb\"},\"inLanguage\":\"de\",\"potentialAction\":[{\"@type\":\"ReadAction\",\"target\":[\"https:\\\/\\\/zahnarztpraxis-buchenbach.de\\\/?page_id=18\"]}]},{\"@type\":\"BreadcrumbList\",\"@id\":\"https:\\\/\\\/zahnarztpraxis-buchenbach.de\\\/?page_id=18#breadcrumb\",\"itemListElement\":[{\"@type\":\"ListItem\",\"position\":1,\"name\":\"Startseite\",\"item\":\"https:\\\/\\\/zahnarztpraxis-buchenbach.de\\\/\"},{\"@type\":\"ListItem\",\"position\":2,\"name\":\"Behandlung\"}]},{\"@type\":\"WebSite\",\"@id\":\"https:\\\/\\\/zahnarztpraxis-buchenbach.de\\\/#website\",\"url\":\"https:\\\/\\\/zahnarztpraxis-buchenbach.de\\\/\",\"name\":\"Zahnarztpraxis Buchenbach\",\"description\":\"Julian Reinhard\",\"publisher\":{\"@id\":\"https:\\\/\\\/zahnarztpraxis-buchenbach.de\\\/#organization\"},\"potentialAction\":[{\"@type\":\"SearchAction\",\"target\":{\"@type\":\"EntryPoint\",\"urlTemplate\":\"https:\\\/\\\/zahnarztpraxis-buchenbach.de\\\/?s={search_term_string}\"},\"query-input\":{\"@type\":\"PropertyValueSpecification\",\"valueRequired\":true,\"valueName\":\"search_term_string\"}}],\"inLanguage\":\"de\"},{\"@type\":\"Organization\",\"@id\":\"https:\\\/\\\/zahnarztpraxis-buchenbach.de\\\/#organization\",\"name\":\"Zahnarztpraxis Buchenbach\",\"url\":\"https:\\\/\\\/zahnarztpraxis-buchenbach.de\\\/\",\"logo\":{\"@type\":\"ImageObject\",\"inLanguage\":\"de\",\"@id\":\"https:\\\/\\\/zahnarztpraxis-buchenbach.de\\\/#\\\/schema\\\/logo\\\/image\\\/\",\"url\":\"https:\\\/\\\/zahnarztpraxis-buchenbach.de\\\/wp-content\\\/uploads\\\/2020\\\/01\\\/cropped-ZPB_Logo_Web_03-1.png\",\"contentUrl\":\"https:\\\/\\\/zahnarztpraxis-buchenbach.de\\\/wp-content\\\/uploads\\\/2020\\\/01\\\/cropped-ZPB_Logo_Web_03-1.png\",\"width\":366,\"height\":125,\"caption\":\"Zahnarztpraxis Buchenbach\"},\"image\":{\"@id\":\"https:\\\/\\\/zahnarztpraxis-buchenbach.de\\\/#\\\/schema\\\/logo\\\/image\\\/\"}}]}<\/script>\n<!-- \/ Yoast SEO plugin. -->","yoast_head_json":{"title":"Behandlung - Zahnarztpraxis Buchenbach","robots":{"index":"index","follow":"follow","max-snippet":"max-snippet:-1","max-image-preview":"max-image-preview:large","max-video-preview":"max-video-preview:-1"},"canonical":"https:\/\/zahnarztpraxis-buchenbach.de\/?page_id=18","og_locale":"de_DE","og_type":"article","og_title":"Behandlung - Zahnarztpraxis Buchenbach","og_description":"Uns ist es besonders wichtig, dass sie sich bei uns wohl f\u00fchlen und mit einem guten Gef\u00fchl in unsere R\u00e4umlichkeiten kommen k\u00f6nnen. Bei ihrem ersten Besuch nehmen wir uns besonders viel Zeit f\u00fcr eine fundierte und umfassende Diagnostik und erarbeiten mit ihnen ein individuell auf sie abgestimmtes Behandlungskonzept. F\u00fcr unsere","og_url":"https:\/\/zahnarztpraxis-buchenbach.de\/?page_id=18","og_site_name":"Zahnarztpraxis Buchenbach","article_modified_time":"2025-03-07T08:56:21+00:00","twitter_card":"summary_large_image","twitter_misc":{"Gesch\u00e4tzte Lesezeit":"3\u00a0Minuten"},"schema":{"@context":"https:\/\/schema.org","@graph":[{"@type":"WebPage","@id":"https:\/\/zahnarztpraxis-buchenbach.de\/?page_id=18","url":"https:\/\/zahnarztpraxis-buchenbach.de\/?page_id=18","name":"Behandlung - Zahnarztpraxis Buchenbach","isPartOf":{"@id":"https:\/\/zahnarztpraxis-buchenbach.de\/#website"},"datePublished":"2019-11-27T11:07:34+00:00","dateModified":"2025-03-07T08:56:21+00:00","breadcrumb":{"@id":"https:\/\/zahnarztpraxis-buchenbach.de\/?page_id=18#breadcrumb"},"inLanguage":"de","potentialAction":[{"@type":"ReadAction","target":["https:\/\/zahnarztpraxis-buchenbach.de\/?page_id=18"]}]},{"@type":"BreadcrumbList","@id":"https:\/\/zahnarztpraxis-buchenbach.de\/?page_id=18#breadcrumb","itemListElement":[{"@type":"ListItem","position":1,"name":"Startseite","item":"https:\/\/zahnarztpraxis-buchenbach.de\/"},{"@type":"ListItem","position":2,"name":"Behandlung"}]},{"@type":"WebSite","@id":"https:\/\/zahnarztpraxis-buchenbach.de\/#website","url":"https:\/\/zahnarztpraxis-buchenbach.de\/","name":"Zahnarztpraxis Buchenbach","description":"Julian Reinhard","publisher":{"@id":"https:\/\/zahnarztpraxis-buchenbach.de\/#organization"},"potentialAction":[{"@type":"SearchAction","target":{"@type":"EntryPoint","urlTemplate":"https:\/\/zahnarztpraxis-buchenbach.de\/?s={search_term_string}"},"query-input":{"@type":"PropertyValueSpecification","valueRequired":true,"valueName":"search_term_string"}}],"inLanguage":"de"},{"@type":"Organization","@id":"https:\/\/zahnarztpraxis-buchenbach.de\/#organization","name":"Zahnarztpraxis Buchenbach","url":"https:\/\/zahnarztpraxis-buchenbach.de\/","logo":{"@type":"ImageObject","inLanguage":"de","@id":"https:\/\/zahnarztpraxis-buchenbach.de\/#\/schema\/logo\/image\/","url":"https:\/\/zahnarztpraxis-buchenbach.de\/wp-content\/uploads\/2020\/01\/cropped-ZPB_Logo_Web_03-1.png","contentUrl":"https:\/\/zahnarztpraxis-buchenbach.de\/wp-content\/uploads\/2020\/01\/cropped-ZPB_Logo_Web_03-1.png","width":366,"height":125,"caption":"Zahnarztpraxis Buchenbach"},"image":{"@id":"https:\/\/zahnarztpraxis-buchenbach.de\/#\/schema\/logo\/image\/"}}]}},"_links":{"self":[{"href":"https:\/\/zahnarztpraxis-buchenbach.de\/index.php?rest_route=\/wp\/v2\/pages\/18","targetHints":{"allow":["GET"]}}],"collection":[{"href":"https:\/\/zahnarztpraxis-buchenbach.de\/index.php?rest_route=\/wp\/v2\/pages"}],"about":[{"href":"https:\/\/zahnarztpraxis-buchenbach.de\/index.php?rest_route=\/wp\/v2\/types\/page"}],"author":[{"embeddable":true,"href":"https:\/\/zahnarztpraxis-buchenbach.de\/index.php?rest_route=\/wp\/v2\/users\/1"}],"replies":[{"embeddable":true,"href":"https:\/\/zahnarztpraxis-buchenbach.de\/index.php?rest_route=%2Fwp%2Fv2%2Fcomments&post=18"}],"version-history":[{"count":32,"href":"https:\/\/zahnarztpraxis-buchenbach.de\/index.php?rest_route=\/wp\/v2\/pages\/18\/revisions"}],"predecessor-version":[{"id":506,"href":"https:\/\/zahnarztpraxis-buchenbach.de\/index.php?rest_route=\/wp\/v2\/pages\/18\/revisions\/506"}],"wp:attachment":[{"href":"https:\/\/zahnarztpraxis-buchenbach.de\/index.php?rest_route=%2Fwp%2Fv2%2Fmedia&parent=18"}],"curies":[{"name":"wp","href":"https:\/\/api.w.org\/{rel}","templated":true}]}}