{"id":73,"date":"2020-01-24T12:35:08","date_gmt":"2020-01-24T12:35:08","guid":{"rendered":"http:\/\/wordpress2020.zahnarztpraxis-buchenbach.de\/?page_id=73"},"modified":"2020-02-12T20:52:02","modified_gmt":"2020-02-12T20:52:02","slug":"impressum","status":"publish","type":"page","link":"https:\/\/zahnarztpraxis-buchenbach.de\/?page_id=73","title":{"rendered":"Impressum"},"content":{"rendered":"\t\t<div data-elementor-type=\"wp-page\" data-elementor-id=\"73\" class=\"elementor elementor-73\">\n\t\t\t\t\t\t<section class=\"elementor-section elementor-top-section elementor-element elementor-element-090d6bf elementor-section-boxed elementor-section-height-default elementor-section-height-default\" data-id=\"090d6bf\" data-element_type=\"section\" data-e-type=\"section\">\n\t\t\t\t\t\t<div class=\"elementor-container elementor-column-gap-default\">\n\t\t\t\t\t<div class=\"elementor-column elementor-col-100 elementor-top-column elementor-element elementor-element-efc7dd2\" data-id=\"efc7dd2\" data-element_type=\"column\" data-e-type=\"column\">\n\t\t\t<div class=\"elementor-widget-wrap elementor-element-populated\">\n\t\t\t\t\t\t<div class=\"elementor-element elementor-element-513ce31 elementor-widget elementor-widget-heading\" data-id=\"513ce31\" data-element_type=\"widget\" data-e-type=\"widget\" data-widget_type=\"heading.default\">\n\t\t\t\t<div class=\"elementor-widget-container\">\n\t\t\t\t\t<h2 class=\"elementor-heading-title elementor-size-default\">Impressum<\/h2>\t\t\t\t<\/div>\n\t\t\t\t<\/div>\n\t\t\t\t\t<\/div>\n\t\t<\/div>\n\t\t\t\t\t<\/div>\n\t\t<\/section>\n\t\t\t\t<section class=\"elementor-section elementor-top-section elementor-element elementor-element-4ccd37b elementor-section-boxed elementor-section-height-default elementor-section-height-default\" data-id=\"4ccd37b\" data-element_type=\"section\" data-e-type=\"section\">\n\t\t\t\t\t\t<div class=\"elementor-container elementor-column-gap-default\">\n\t\t\t\t\t<div class=\"elementor-column elementor-col-100 elementor-top-column elementor-element elementor-element-78fe6dee\" data-id=\"78fe6dee\" data-element_type=\"column\" data-e-type=\"column\">\n\t\t\t<div class=\"elementor-widget-wrap elementor-element-populated\">\n\t\t\t\t\t\t<div class=\"elementor-element elementor-element-71c9b62 elementor-widget elementor-widget-text-editor\" data-id=\"71c9b62\" data-element_type=\"widget\" data-e-type=\"widget\" data-widget_type=\"text-editor.default\">\n\t\t\t\t<div class=\"elementor-widget-container\">\n\t\t\t\t\t\t\t\t\t\n<div class=\"wp-block-themeisle-blocks-advanced-columns has-undefined-columns has-desktop-undefined-layout has-tablet-equal-layout has-mobile-equal-layout has-default-gap has-vertical-unset\" id=\"wp-block-themeisle-blocks-advanced-columns-18d7b37c\" style=\"border-width:0px;border-style:solid;border-color:#000000;border-radius:0px;justify-content:unset\"><div class=\"wp-themeisle-block-overlay\" style=\"opacity:0.5;mix-blend-mode:normal\"><\/div><div class=\"innerblocks-wrap\"><\/div><\/div>\n\t\t\t\t\t\t\t\t<\/div>\n\t\t\t\t<\/div>\n\t\t\t\t\t<\/div>\n\t\t<\/div>\n\t\t\t\t\t<\/div>\n\t\t<\/section>\n\t\t\t\t<section class=\"elementor-section elementor-top-section elementor-element elementor-element-b6bd4e9 elementor-section-boxed elementor-section-height-default elementor-section-height-default\" data-id=\"b6bd4e9\" data-element_type=\"section\" data-e-type=\"section\">\n\t\t\t\t\t\t<div class=\"elementor-container elementor-column-gap-default\">\n\t\t\t\t\t<div class=\"elementor-column elementor-col-100 elementor-top-column elementor-element elementor-element-d3c8f65\" data-id=\"d3c8f65\" data-element_type=\"column\" data-e-type=\"column\">\n\t\t\t<div class=\"elementor-widget-wrap elementor-element-populated\">\n\t\t\t\t\t\t<div class=\"elementor-element elementor-element-8c6f0f6 elementor-widget elementor-widget-text-editor\" data-id=\"8c6f0f6\" data-element_type=\"widget\" data-e-type=\"widget\" data-widget_type=\"text-editor.default\">\n\t\t\t\t<div class=\"elementor-widget-container\">\n\t\t\t\t\t\t\t\t\t<p><strong>Zahnarztpraxis Buchenbach<\/strong><br \/><strong>Julian Reinhard<\/strong><\/p>\n<p>L\u00e4rchenstra\u00dfe 7, 79256 Buchenbach<\/p>\n<p>Telefon 07661\u00a093150<br \/>E-Mail: mail@zahnarztpraxis-buchenbach.de<\/p>\n<p><strong>Berufsbezeichnung:\u00a0<\/strong><br \/>Zahnarzt(Approbation\u00a0vergeben durch Bundesrepulik\u00a0Deutschland)<\/p>\n<p><strong>Kammerzugeh\u00f6rigkeit:<\/strong> <br \/>Landeszahn\u00e4rztekammer<br \/>Baden-W\u00fcrttemberg Bezirkszahn\u00e4rztekammer<br \/>Freiburg Merzhauser Str. 114-116<br \/>79100 Freiburg<\/p>\n<p><strong>Zust\u00e4ndige Abrechnungsstelle:<\/strong><br \/>Kassenzahn\u00e4rztliche Vereinigung Baden-W\u00fcrttemberg<br \/>Bezirksdirektion Freiburg<br \/>Merzhauser Str. 114-116<br \/>79100 Freiburg<\/p>\n<p>Umsatzsteuer-Identifikationsnummer:<\/p>\n<p><\/p>\n<p><strong>Zust\u00e4ndige Aufsichtsbeh\u00f6rde:<\/strong><br \/>Sozialministerium Baden-W\u00fcrttemberg<br \/>Schellingstra\u00dfe\u00a015<br \/>70174 Stuttgart<br \/>Tel: 0711-123-0<\/p>\n<p><strong>Inhaltlich Verantwortlicher:<\/strong> <br \/>Julian Reinhard (Anschrift wie oben)<\/p>\n<p><strong>Berufsrechtliche Regelungen:<\/strong><br \/>\u2022 Berufsordnung der Zahn\u00e4rztekammer Baden-W\u00fcrttemberg<br \/>\u2022 Heilberufsgesetz des Bundesland Baden-W\u00fcrttemberg<\/p>\n<p>Geb\u00fchrenordnung f\u00fcr Zahn\u00e4rzte und Zahnheilkundegesetz<br \/>sowie die Berufsordnung der Zahn\u00e4rztekammer Baden-W\u00fcrttemberg<br \/>Jeweils zug\u00e4nglich unter oben stehender Adresse.<\/p>\n<p><\/p>\n<p><strong>Haftung f\u00fcr Inhalte<br \/><\/strong>Die Inhalte unserer Seiten wurden mit gr\u00f6\u00dfter Sorgfalt erstellt. F\u00fcr die Richtigkeit, Vollst\u00e4ndigkeit und Aktualit\u00e4t der Inhalte k\u00f6nnen wir jedoch keine Gew\u00e4hr \u00fcbernehmen.<\/p>\n<p>Als Diensteanbieter sind wir gem\u00e4\u00df \u00a7 7 Abs.1 TMG f\u00fcr eigene Inhalte auf diesen Seiten nach den allgemeinen Gesetzen verantwortlich. Nach \u00a7\u00a7 8 bis 10 TMG sind wir als Diensteanbieter jedoch nicht verpflichtet, \u00fcbermittelte oder gespeicherte fremde Informationen zu \u00fcberwachen oder nach Umst\u00e4nden zu forschen, die auf eine rechtswidrige T\u00e4tigkeit hinweisen. Verpflichtungen zur Entfernung oder Sperrung der Nutzung von Informationen nach den allgemeinen Gesetzen bleiben hiervon unber\u00fchrt. Eine diesbez\u00fcgliche Haftung ist jedoch erst ab dem Zeitpunkt der Kenntnis einer konkreten Rechtsverletzung m\u00f6glich. Bei bekannt werden von entsprechenden Rechtsverletzungen werden wir diese Inhalte umgehend entfernen.<\/p>\n<p><\/p>\n<p><strong>Haftung f\u00fcr Links<br \/><\/strong>Unser Angebot enth\u00e4lt Links zu externen Webseiten Dritter, auf deren Inhalte wir keinen Einfluss haben. Deshalb k\u00f6nnen wir f\u00fcr diese fremden Inhalte auch keine Gew\u00e4hr \u00fcbernehmen. F\u00fcr die Inhalte der verlinkten Seiten ist stets der jeweilige Anbieter oder Betreiber der Seiten verantwortlich. Die verlinkten Seiten wurden zum Zeitpunkt der Verlinkung auf m\u00f6gliche Rechtsverst\u00f6\u00dfe \u00fcberpr\u00fcft. Rechtswidrige Inhalte waren zum Zeitpunkt der Verlinkung nicht erkennbar. Eine permanente inhaltliche Kontrolle der verlinkten Seiten ist jedoch ohne konkrete Anhaltspunkte einer Rechtsverletzung nicht zumutbar. Bei bekannt werden von Rechtsverletzungen werden wir derartige Links umgehend entfernen.<\/p>\n<p><\/p>\n<p><strong>Urheberrecht<br \/><\/strong>Die durch die Seitenbetreiber erstellten Inhalte und Werke auf diesen Seiten unterliegen dem deutschen Urheberrecht. Beitr\u00e4ge Dritter sind als solche gekennzeichnet. Die Vervielf\u00e4ltigung, Bearbeitung, Verbreitung und jede Art der Verwertung au\u00dferhalb der Grenzen des Urheberrechtes bed\u00fcrfen der schriftlichen Zustimmung des jeweiligen Autors bzw. Erstellers. Downloads und Kopien dieser Seite sind nur f\u00fcr den privaten, nicht kommerziellen Gebrauch gestattet.<\/p>\n<p>Die Betreiber der Seiten sind bem\u00fcht, stets die Urheberrechte anderer zu beachten bzw. auf selbst erstellte sowie lizenzfreie Werke zur\u00fcckzugreifen.<\/p>\t\t\t\t\t\t\t\t<\/div>\n\t\t\t\t<\/div>\n\t\t\t\t\t<\/div>\n\t\t<\/div>\n\t\t\t\t\t<\/div>\n\t\t<\/section>\n\t\t\t\t<\/div>\n\t\t","protected":false},"excerpt":{"rendered":"<p>Impressum Zahnarztpraxis BuchenbachJulian Reinhard L\u00e4rchenstra\u00dfe 7, 79256 Buchenbach Telefon 07661\u00a093150E-Mail: mail@zahnarztpraxis-buchenbach.de Berufsbezeichnung:\u00a0Zahnarzt(Approbation\u00a0vergeben durch Bundesrepulik\u00a0Deutschland) Kammerzugeh\u00f6rigkeit: Landeszahn\u00e4rztekammerBaden-W\u00fcrttemberg Bezirkszahn\u00e4rztekammerFreiburg Merzhauser Str. 114-11679100 Freiburg Zust\u00e4ndige Abrechnungsstelle:Kassenzahn\u00e4rztliche Vereinigung Baden-W\u00fcrttembergBezirksdirektion FreiburgMerzhauser Str. 114-11679100 Freiburg Umsatzsteuer-Identifikationsnummer: Zust\u00e4ndige Aufsichtsbeh\u00f6rde:Sozialministerium Baden-W\u00fcrttembergSchellingstra\u00dfe\u00a01570174 StuttgartTel: 0711-123-0 Inhaltlich Verantwortlicher: Julian Reinhard (Anschrift wie oben) Berufsrechtliche Regelungen:\u2022 Berufsordnung der Zahn\u00e4rztekammer Baden-W\u00fcrttemberg\u2022 Heilberufsgesetz des<\/p>\n","protected":false},"author":1,"featured_media":0,"parent":0,"menu_order":0,"comment_status":"closed","ping_status":"closed","template":"","meta":{"footnotes":""},"class_list":["post-73","page","type-page","status-publish","hentry"],"yoast_head":"<!-- This site is optimized with the Yoast SEO plugin v27.5 - https:\/\/yoast.com\/product\/yoast-seo-wordpress\/ -->\n<title>Impressum - Zahnarztpraxis Buchenbach<\/title>\n<meta name=\"robots\" content=\"index, follow, max-snippet:-1, max-image-preview:large, max-video-preview:-1\" \/>\n<link rel=\"canonical\" href=\"https:\/\/zahnarztpraxis-buchenbach.de\/?page_id=73\" \/>\n<meta property=\"og:locale\" content=\"de_DE\" \/>\n<meta property=\"og:type\" content=\"article\" \/>\n<meta property=\"og:title\" content=\"Impressum - Zahnarztpraxis Buchenbach\" \/>\n<meta property=\"og:description\" content=\"Impressum Zahnarztpraxis BuchenbachJulian Reinhard L\u00e4rchenstra\u00dfe 7, 79256 Buchenbach Telefon 07661\u00a093150E-Mail: mail@zahnarztpraxis-buchenbach.de Berufsbezeichnung:\u00a0Zahnarzt(Approbation\u00a0vergeben durch Bundesrepulik\u00a0Deutschland) Kammerzugeh\u00f6rigkeit: Landeszahn\u00e4rztekammerBaden-W\u00fcrttemberg Bezirkszahn\u00e4rztekammerFreiburg Merzhauser Str. 114-11679100 Freiburg Zust\u00e4ndige Abrechnungsstelle:Kassenzahn\u00e4rztliche Vereinigung Baden-W\u00fcrttembergBezirksdirektion FreiburgMerzhauser Str. 114-11679100 Freiburg Umsatzsteuer-Identifikationsnummer: Zust\u00e4ndige Aufsichtsbeh\u00f6rde:Sozialministerium Baden-W\u00fcrttembergSchellingstra\u00dfe\u00a01570174 StuttgartTel: 0711-123-0 Inhaltlich Verantwortlicher: Julian Reinhard (Anschrift wie oben) Berufsrechtliche Regelungen:\u2022 Berufsordnung der Zahn\u00e4rztekammer Baden-W\u00fcrttemberg\u2022 Heilberufsgesetz des\" \/>\n<meta property=\"og:url\" content=\"https:\/\/zahnarztpraxis-buchenbach.de\/?page_id=73\" \/>\n<meta property=\"og:site_name\" content=\"Zahnarztpraxis Buchenbach\" \/>\n<meta property=\"article:modified_time\" content=\"2020-02-12T20:52:02+00:00\" \/>\n<meta name=\"twitter:card\" content=\"summary_large_image\" \/>\n<meta name=\"twitter:label1\" content=\"Gesch\u00e4tzte Lesezeit\" \/>\n\t<meta name=\"twitter:data1\" content=\"2\u00a0Minuten\" \/>\n<script type=\"application\/ld+json\" class=\"yoast-schema-graph\">{\"@context\":\"https:\\\/\\\/schema.org\",\"@graph\":[{\"@type\":\"WebPage\",\"@id\":\"https:\\\/\\\/zahnarztpraxis-buchenbach.de\\\/?page_id=73\",\"url\":\"https:\\\/\\\/zahnarztpraxis-buchenbach.de\\\/?page_id=73\",\"name\":\"Impressum - Zahnarztpraxis Buchenbach\",\"isPartOf\":{\"@id\":\"https:\\\/\\\/zahnarztpraxis-buchenbach.de\\\/#website\"},\"datePublished\":\"2020-01-24T12:35:08+00:00\",\"dateModified\":\"2020-02-12T20:52:02+00:00\",\"breadcrumb\":{\"@id\":\"https:\\\/\\\/zahnarztpraxis-buchenbach.de\\\/?page_id=73#breadcrumb\"},\"inLanguage\":\"de\",\"potentialAction\":[{\"@type\":\"ReadAction\",\"target\":[\"https:\\\/\\\/zahnarztpraxis-buchenbach.de\\\/?page_id=73\"]}]},{\"@type\":\"BreadcrumbList\",\"@id\":\"https:\\\/\\\/zahnarztpraxis-buchenbach.de\\\/?page_id=73#breadcrumb\",\"itemListElement\":[{\"@type\":\"ListItem\",\"position\":1,\"name\":\"Startseite\",\"item\":\"https:\\\/\\\/zahnarztpraxis-buchenbach.de\\\/\"},{\"@type\":\"ListItem\",\"position\":2,\"name\":\"Impressum\"}]},{\"@type\":\"WebSite\",\"@id\":\"https:\\\/\\\/zahnarztpraxis-buchenbach.de\\\/#website\",\"url\":\"https:\\\/\\\/zahnarztpraxis-buchenbach.de\\\/\",\"name\":\"Zahnarztpraxis Buchenbach\",\"description\":\"Julian Reinhard\",\"publisher\":{\"@id\":\"https:\\\/\\\/zahnarztpraxis-buchenbach.de\\\/#organization\"},\"potentialAction\":[{\"@type\":\"SearchAction\",\"target\":{\"@type\":\"EntryPoint\",\"urlTemplate\":\"https:\\\/\\\/zahnarztpraxis-buchenbach.de\\\/?s={search_term_string}\"},\"query-input\":{\"@type\":\"PropertyValueSpecification\",\"valueRequired\":true,\"valueName\":\"search_term_string\"}}],\"inLanguage\":\"de\"},{\"@type\":\"Organization\",\"@id\":\"https:\\\/\\\/zahnarztpraxis-buchenbach.de\\\/#organization\",\"name\":\"Zahnarztpraxis Buchenbach\",\"url\":\"https:\\\/\\\/zahnarztpraxis-buchenbach.de\\\/\",\"logo\":{\"@type\":\"ImageObject\",\"inLanguage\":\"de\",\"@id\":\"https:\\\/\\\/zahnarztpraxis-buchenbach.de\\\/#\\\/schema\\\/logo\\\/image\\\/\",\"url\":\"https:\\\/\\\/zahnarztpraxis-buchenbach.de\\\/wp-content\\\/uploads\\\/2020\\\/01\\\/cropped-ZPB_Logo_Web_03-1.png\",\"contentUrl\":\"https:\\\/\\\/zahnarztpraxis-buchenbach.de\\\/wp-content\\\/uploads\\\/2020\\\/01\\\/cropped-ZPB_Logo_Web_03-1.png\",\"width\":366,\"height\":125,\"caption\":\"Zahnarztpraxis Buchenbach\"},\"image\":{\"@id\":\"https:\\\/\\\/zahnarztpraxis-buchenbach.de\\\/#\\\/schema\\\/logo\\\/image\\\/\"}}]}<\/script>\n<!-- \/ Yoast SEO plugin. -->","yoast_head_json":{"title":"Impressum - Zahnarztpraxis Buchenbach","robots":{"index":"index","follow":"follow","max-snippet":"max-snippet:-1","max-image-preview":"max-image-preview:large","max-video-preview":"max-video-preview:-1"},"canonical":"https:\/\/zahnarztpraxis-buchenbach.de\/?page_id=73","og_locale":"de_DE","og_type":"article","og_title":"Impressum - Zahnarztpraxis Buchenbach","og_description":"Impressum Zahnarztpraxis BuchenbachJulian Reinhard L\u00e4rchenstra\u00dfe 7, 79256 Buchenbach Telefon 07661\u00a093150E-Mail: mail@zahnarztpraxis-buchenbach.de Berufsbezeichnung:\u00a0Zahnarzt(Approbation\u00a0vergeben durch Bundesrepulik\u00a0Deutschland) Kammerzugeh\u00f6rigkeit: Landeszahn\u00e4rztekammerBaden-W\u00fcrttemberg Bezirkszahn\u00e4rztekammerFreiburg Merzhauser Str. 114-11679100 Freiburg Zust\u00e4ndige Abrechnungsstelle:Kassenzahn\u00e4rztliche Vereinigung Baden-W\u00fcrttembergBezirksdirektion FreiburgMerzhauser Str. 114-11679100 Freiburg Umsatzsteuer-Identifikationsnummer: Zust\u00e4ndige Aufsichtsbeh\u00f6rde:Sozialministerium Baden-W\u00fcrttembergSchellingstra\u00dfe\u00a01570174 StuttgartTel: 0711-123-0 Inhaltlich Verantwortlicher: Julian Reinhard (Anschrift wie oben) Berufsrechtliche Regelungen:\u2022 Berufsordnung der Zahn\u00e4rztekammer Baden-W\u00fcrttemberg\u2022 Heilberufsgesetz des","og_url":"https:\/\/zahnarztpraxis-buchenbach.de\/?page_id=73","og_site_name":"Zahnarztpraxis Buchenbach","article_modified_time":"2020-02-12T20:52:02+00:00","twitter_card":"summary_large_image","twitter_misc":{"Gesch\u00e4tzte Lesezeit":"2\u00a0Minuten"},"schema":{"@context":"https:\/\/schema.org","@graph":[{"@type":"WebPage","@id":"https:\/\/zahnarztpraxis-buchenbach.de\/?page_id=73","url":"https:\/\/zahnarztpraxis-buchenbach.de\/?page_id=73","name":"Impressum - Zahnarztpraxis Buchenbach","isPartOf":{"@id":"https:\/\/zahnarztpraxis-buchenbach.de\/#website"},"datePublished":"2020-01-24T12:35:08+00:00","dateModified":"2020-02-12T20:52:02+00:00","breadcrumb":{"@id":"https:\/\/zahnarztpraxis-buchenbach.de\/?page_id=73#breadcrumb"},"inLanguage":"de","potentialAction":[{"@type":"ReadAction","target":["https:\/\/zahnarztpraxis-buchenbach.de\/?page_id=73"]}]},{"@type":"BreadcrumbList","@id":"https:\/\/zahnarztpraxis-buchenbach.de\/?page_id=73#breadcrumb","itemListElement":[{"@type":"ListItem","position":1,"name":"Startseite","item":"https:\/\/zahnarztpraxis-buchenbach.de\/"},{"@type":"ListItem","position":2,"name":"Impressum"}]},{"@type":"WebSite","@id":"https:\/\/zahnarztpraxis-buchenbach.de\/#website","url":"https:\/\/zahnarztpraxis-buchenbach.de\/","name":"Zahnarztpraxis Buchenbach","description":"Julian Reinhard","publisher":{"@id":"https:\/\/zahnarztpraxis-buchenbach.de\/#organization"},"potentialAction":[{"@type":"SearchAction","target":{"@type":"EntryPoint","urlTemplate":"https:\/\/zahnarztpraxis-buchenbach.de\/?s={search_term_string}"},"query-input":{"@type":"PropertyValueSpecification","valueRequired":true,"valueName":"search_term_string"}}],"inLanguage":"de"},{"@type":"Organization","@id":"https:\/\/zahnarztpraxis-buchenbach.de\/#organization","name":"Zahnarztpraxis Buchenbach","url":"https:\/\/zahnarztpraxis-buchenbach.de\/","logo":{"@type":"ImageObject","inLanguage":"de","@id":"https:\/\/zahnarztpraxis-buchenbach.de\/#\/schema\/logo\/image\/","url":"https:\/\/zahnarztpraxis-buchenbach.de\/wp-content\/uploads\/2020\/01\/cropped-ZPB_Logo_Web_03-1.png","contentUrl":"https:\/\/zahnarztpraxis-buchenbach.de\/wp-content\/uploads\/2020\/01\/cropped-ZPB_Logo_Web_03-1.png","width":366,"height":125,"caption":"Zahnarztpraxis Buchenbach"},"image":{"@id":"https:\/\/zahnarztpraxis-buchenbach.de\/#\/schema\/logo\/image\/"}}]}},"_links":{"self":[{"href":"https:\/\/zahnarztpraxis-buchenbach.de\/index.php?rest_route=\/wp\/v2\/pages\/73","targetHints":{"allow":["GET"]}}],"collection":[{"href":"https:\/\/zahnarztpraxis-buchenbach.de\/index.php?rest_route=\/wp\/v2\/pages"}],"about":[{"href":"https:\/\/zahnarztpraxis-buchenbach.de\/index.php?rest_route=\/wp\/v2\/types\/page"}],"author":[{"embeddable":true,"href":"https:\/\/zahnarztpraxis-buchenbach.de\/index.php?rest_route=\/wp\/v2\/users\/1"}],"replies":[{"embeddable":true,"href":"https:\/\/zahnarztpraxis-buchenbach.de\/index.php?rest_route=%2Fwp%2Fv2%2Fcomments&post=73"}],"version-history":[{"count":4,"href":"https:\/\/zahnarztpraxis-buchenbach.de\/index.php?rest_route=\/wp\/v2\/pages\/73\/revisions"}],"predecessor-version":[{"id":187,"href":"https:\/\/zahnarztpraxis-buchenbach.de\/index.php?rest_route=\/wp\/v2\/pages\/73\/revisions\/187"}],"wp:attachment":[{"href":"https:\/\/zahnarztpraxis-buchenbach.de\/index.php?rest_route=%2Fwp%2Fv2%2Fmedia&parent=73"}],"curies":[{"name":"wp","href":"https:\/\/api.w.org\/{rel}","templated":true}]}}