{"id":75,"date":"2020-01-24T12:35:26","date_gmt":"2020-01-24T12:35:26","guid":{"rendered":"http:\/\/wordpress2020.zahnarztpraxis-buchenbach.de\/?page_id=75"},"modified":"2021-04-21T17:43:07","modified_gmt":"2021-04-21T17:43:07","slug":"datenschutz","status":"publish","type":"page","link":"https:\/\/zahnarztpraxis-buchenbach.de\/?page_id=75","title":{"rendered":"Datenschutz"},"content":{"rendered":"\t\t<div data-elementor-type=\"wp-page\" data-elementor-id=\"75\" class=\"elementor elementor-75\">\n\t\t\t\t\t\t<section class=\"elementor-section elementor-top-section elementor-element elementor-element-59ace1a7 elementor-section-boxed elementor-section-height-default elementor-section-height-default\" data-id=\"59ace1a7\" data-element_type=\"section\" data-e-type=\"section\">\n\t\t\t\t\t\t<div class=\"elementor-container elementor-column-gap-default\">\n\t\t\t\t\t<div class=\"elementor-column elementor-col-100 elementor-top-column elementor-element elementor-element-606810ae\" data-id=\"606810ae\" data-element_type=\"column\" data-e-type=\"column\">\n\t\t\t<div class=\"elementor-widget-wrap elementor-element-populated\">\n\t\t\t\t\t\t<div class=\"elementor-element elementor-element-5b2e6cad elementor-widget elementor-widget-text-editor\" data-id=\"5b2e6cad\" data-element_type=\"widget\" data-e-type=\"widget\" data-widget_type=\"text-editor.default\">\n\t\t\t\t<div class=\"elementor-widget-container\">\n\t\t\t\t\t\t\t\t\t\n<div class=\"wp-block-themeisle-blocks-advanced-columns has-undefined-columns has-desktop-undefined-layout has-tablet-equal-layout has-mobile-equal-layout has-default-gap has-vertical-unset\" id=\"wp-block-themeisle-blocks-advanced-columns-d31e1d2f\" style=\"border-width:0px;border-style:solid;border-color:#000000;border-radius:0px;justify-content:unset\"><div class=\"wp-themeisle-block-overlay\" style=\"opacity:0.5;mix-blend-mode:normal\"><\/div><div class=\"innerblocks-wrap\"><\/div><\/div>\n\t\t\t\t\t\t\t\t<\/div>\n\t\t\t\t<\/div>\n\t\t\t\t\t<\/div>\n\t\t<\/div>\n\t\t\t\t\t<\/div>\n\t\t<\/section>\n\t\t\t\t<section class=\"elementor-section elementor-top-section elementor-element elementor-element-5a2364a elementor-section-boxed elementor-section-height-default elementor-section-height-default\" data-id=\"5a2364a\" data-element_type=\"section\" data-e-type=\"section\">\n\t\t\t\t\t\t<div class=\"elementor-container elementor-column-gap-default\">\n\t\t\t\t\t<div class=\"elementor-column elementor-col-100 elementor-top-column elementor-element elementor-element-a1739d4\" data-id=\"a1739d4\" data-element_type=\"column\" data-e-type=\"column\">\n\t\t\t<div class=\"elementor-widget-wrap elementor-element-populated\">\n\t\t\t\t\t\t<div class=\"elementor-element elementor-element-3794e5a elementor-widget elementor-widget-text-editor\" data-id=\"3794e5a\" data-element_type=\"widget\" data-e-type=\"widget\" data-widget_type=\"text-editor.default\">\n\t\t\t\t<div class=\"elementor-widget-container\">\n\t\t\t\t\t\t\t\t\t<h3>Datenschutzerkl\u00e4rung<br><\/h3>\n<p>Diese Datenschutzerkl\u00e4rung soll die Nutzer dieser Website gem\u00e4\u00df Bundesdatenschutzgesetz und Telemediengesetz \u00fcber die Art, den Umfang und den Zweck der Erhebung und Verwendung personenbezogener Daten durch den Websitebetreiber (Julian Reinhard, L\u00e4rchenstra\u00dfe 7, 79256 Buchenbach) informieren.<br>Als Websitebetreiber nehmen wir Ihren Datenschutz sehr ernst und behandeln Ihre personenbezogenen Daten vertraulich und entsprechend der gesetzlichen Vorschriften.<br>Bedenken Sie, dass die Daten\u00fcbertragung im Internet grunds\u00e4tzlich mit Sicherheitsl\u00fccken bedacht sein kann. Ein vollumf\u00e4nglicher Schutz vor dem Zugriff durch Fremde ist nicht realisierbar.<\/p>\n<p>Verantwortlich f\u00fcr die Erhebung und Speicherung der Daten ist Julian Reinhard. Sie erreichen den Praxisinhaber unter der Praxisanschrift Zahnarztpraxis Buchenbach, L\u00e4rchenstra\u00dfe 7, 79256 Buchenbach, E-Mail mail@zahnarztpraxis-buchenbach.de und Telefonnummer 07661 93150.<\/p>\n<p><strong>Zugriffsdaten<\/strong><br>Der Websitebetreiber bzw. Seitenprovider erhebt Daten \u00fcber Zugriffe auf die Seite und speichert diese als \u201eServer-Logfiles\u201c ab. Folgende Daten werden so protokolliert:<\/p>\n<p>Besuchte Website<br>Uhrzeit zum Zeitpunkt des Zugriffes<br>Menge der gesendeten Daten in Byte<br>Quelle\/Verweis, von welchem Sie auf die Seite gelangten<br>Verwendeter Browser<br>Verwendetes Betriebssystem<br>Verwendete IP-Adresse<\/p>\n<p>Die erhobenen Daten dienen lediglich statistischen Auswertungen und zur Verbesserung der Website. Der Websitebetreiber beh\u00e4lt sich allerdings vor, die Server-Logfiles nachtr\u00e4glich zu \u00fcberpr\u00fcfen, sollten konkrete Anhaltspunkte auf eine rechtswidrige Nutzung hinweisen.<\/p>\n<p><strong>Cookies<\/strong><br>Diese Website verwendet Cookies. Dabei handelt es sich um kleine Textdateien, welche auf Ihrem Endger\u00e4t gespeichert werden. Ihr Browser greift auf diese Dateien zu. Durch den Einsatz von Cookies erh\u00f6ht sich die Benutzerfreundlichkeit und Sicherheit dieser Website.<br>G\u00e4ngige Browser bieten die Einstellungsoption, Cookies nicht zuzulassen.&nbsp;<br>Hinweis: Es ist nicht gew\u00e4hrleistet, dass Sie auf alle Funktionen dieser Website ohne Einschr\u00e4nkungen zugreifen k\u00f6nnen, wenn Sie entsprechende Einstellungen vornehmen.<br><\/p>\n<p><strong>Umgang mit personenbezogenen Daten<\/strong><br>Der Websitebetreiber erhebt, nutzt und gibt Ihre personenbezogenen Daten nur dann weiter, wenn dies im gesetzlichen Rahmen erlaubt ist oder Sie in die Datenerhebung einwilligen.<br>Als personenbezogene Daten gelten s\u00e4mtliche Informationen, welche dazu dienen, Ihre Person zu bestimmen und welche zu Ihnen zur\u00fcckverfolgt werden k\u00f6nnen \u2013 also beispielsweise Ihr Name, Ihre E-Mail-Adresse und Telefonnummer.<\/p>\n<p><strong>Umgang mit Kontaktdaten<\/strong><br>Nehmen Sie mit dem Websitebetreiber durch die angebotenen Kontaktm\u00f6glichkeiten Verbindung auf, werden Ihre Angaben gespeichert, damit auf diese zur Bearbeitung und Beantwortung Ihrer Anfrage zur\u00fcckgegriffen werden kann. Ohne Ihre Einwilligung werden diese Daten nicht an Dritte weitergegeben.<\/p>\n<p><strong>Google Analytics<\/strong><br>Diese Website nutzt den Dienst \u201eGoogle Analytics\u201c, welcher von der Google Inc. (1600 Amphitheatre Parkway Mountain View, CA 94043, USA) angeboten wird, zur Analyse der Websitebenutzung durch Nutzer. Der Dienst verwendet \u201eCookies\u201c \u2013 Textdateien, welche auf Ihrem Endger\u00e4t gespeichert werden. Die durch die Cookies gesammelten Informationen werden im Regelfall an einen Google-Server in den USA gesandt und dort gespeichert.<br>Auf dieser Website greift die IP-Anonymisierung. Die IP-Adresse der Nutzer wird innerhalb der Mitgliedsstaaten der EU und des Europ\u00e4ischen Wirtschaftsraum gek\u00fcrzt. Durch diese K\u00fcrzung entf\u00e4llt der Personenbezug Ihrer IP-Adresse. Im Rahmen der Vereinbarung zur Auftragsdatenvereinbarung, welche die Websitebetreiber mit der Google Inc. geschlossen haben, erstellt diese mithilfe der gesammelten Informationen eine Auswertung der Websitenutzung und der Websiteaktivit\u00e4t und erbringt mit der Internetnutzung verbundene Dienstleistungen.<br>Sie haben die M\u00f6glichkeit, die Speicherung des Cookies auf Ihrem Ger\u00e4t zu verhindern, indem Sie in Ihrem Browser entsprechende Einstellungen vornehmen. Es ist nicht gew\u00e4hrleistet, dass Sie auf alle Funktionen dieser Website ohne Einschr\u00e4nkungen zugreifen k\u00f6nnen, wenn Ihr Browser keine Cookies zul\u00e4sst.<br>Weiterhin k\u00f6nnen Sie durch ein Browser-Plugin verhindern, dass die durch Cookies gesammelten Informationen (inklusive Ihrer IP-Adresse) an die Google Inc. gesendet und von der Google Inc. genutzt werden. Folgender Link f\u00fchrt Sie zu dem entsprechenden Plugin:&nbsp;<br>Hier finden Sie weitere Informationen zur Datennutzung durch die Google Inc.:<br>https:\/\/support.google.com\/analytics\/answer\/6004245?hl=de<\/p>\n<p><strong>Widerspruch gegen Werbe-Mails<\/strong><br>Der Nutzung von im Rahmen der Impressumspflicht ver\u00f6ffentlichten Kontaktdaten zur \u00dcbersendung von nicht ausdr\u00fccklich angeforderter Werbung und Informationsmaterialien wird hiermit widersprochen. Die Betreiber der Seiten behalten sich ausdr\u00fccklich rechtliche Schritte im Falle der unverlangten Zusendung von Werbeinformationen, etwa durch Spam-E-Mails, vor.<\/p>\n<p><strong>Jameda<br><\/strong>Auf unserer Website werden Bewertungssiegel des \u00c4rzteportals <em>Jameda<\/em> (jameda GmbH, St.-Cajetan-Stra\u00dfe 41, 81669 M\u00fcnchen) angezeigt. Zur Darstellung der Siegel wird eine Verbindung zu den Servern von Jameda aufgebaut, wodurch Jameda erf\u00e4hrt, dass \u00fcber Ihre IP-Adresse unsere Website aufgerufen wurde. <br>Dies gilt auch dann, wenn Sie nicht bei Jameda eingeloggt sind oder keinen Account bei Jameda besitzen.<\/p>\n<p>Die Nutzung von Jameda erfolgt im Interesse einer leichten Auffindbarkeit und Darstellung der Authentizit\u00e4t unserer Praxis und unseren Online-Angebotes und stellt ein berechtigtes Interesse im Sinne von Art. 6 Abs. 1 lit. f DSGVO dar.<\/p>\n<p>Weitere Informationen zu Jameda finden Sie unter <a href=\"https:\/\/www.jameda.de\/jameda\/\">https:\/\/www.jameda.de\/jameda\/<\/a> und in der Datenschutzerkl\u00e4rung von Jameda: <a href=\"https:\/\/www.jameda.de\/jameda\/datenschutz.php\">https:\/\/www.jameda.de\/jameda\/datenschutz.php<\/a>.<\/p>\n<p><strong><\/strong><\/p>\n<p><strong>Rechte des Nutzers:&nbsp;<\/strong><br>Auskunft<br>Berichtigung<br>L\u00f6schung<br>Sie als Nutzer erhalten auf Antrag Ihrerseits kostenlose Auskunft dar\u00fcber, welche personenbezogenen Daten \u00fcber Sie gespeichert wurden. Sofern Ihr Wunsch nicht mit einer gesetzlichen Pflicht zur Aufbewahrung von Daten (z. B. Vorratsdatenspeicherung) kollidiert, haben Sie ein Anrecht auf Berichtigung falscher Daten und auf die Sperrung oder L\u00f6schung Ihrer personenbezogenen Daten.<\/p>\t\t\t\t\t\t\t\t<\/div>\n\t\t\t\t<\/div>\n\t\t\t\t\t<\/div>\n\t\t<\/div>\n\t\t\t\t\t<\/div>\n\t\t<\/section>\n\t\t\t\t<\/div>\n\t\t","protected":false},"excerpt":{"rendered":"<p>Datenschutzerkl\u00e4rung Diese Datenschutzerkl\u00e4rung soll die Nutzer dieser Website gem\u00e4\u00df Bundesdatenschutzgesetz und Telemediengesetz \u00fcber die Art, den Umfang und den Zweck der Erhebung und Verwendung personenbezogener Daten durch den Websitebetreiber (Julian Reinhard, L\u00e4rchenstra\u00dfe 7, 79256 Buchenbach) informieren.Als Websitebetreiber nehmen wir Ihren Datenschutz sehr ernst und behandeln Ihre personenbezogenen Daten vertraulich und<\/p>\n","protected":false},"author":1,"featured_media":0,"parent":0,"menu_order":0,"comment_status":"closed","ping_status":"closed","template":"","meta":{"footnotes":""},"class_list":["post-75","page","type-page","status-publish","hentry"],"yoast_head":"<!-- This site is optimized with the Yoast SEO plugin v27.5 - https:\/\/yoast.com\/product\/yoast-seo-wordpress\/ -->\n<title>Datenschutz - Zahnarztpraxis Buchenbach<\/title>\n<meta name=\"robots\" content=\"index, follow, max-snippet:-1, max-image-preview:large, max-video-preview:-1\" \/>\n<link rel=\"canonical\" href=\"https:\/\/zahnarztpraxis-buchenbach.de\/?page_id=75\" \/>\n<meta property=\"og:locale\" content=\"de_DE\" \/>\n<meta property=\"og:type\" content=\"article\" \/>\n<meta property=\"og:title\" content=\"Datenschutz - Zahnarztpraxis Buchenbach\" \/>\n<meta property=\"og:description\" content=\"Datenschutzerkl\u00e4rung Diese Datenschutzerkl\u00e4rung soll die Nutzer dieser Website gem\u00e4\u00df Bundesdatenschutzgesetz und Telemediengesetz \u00fcber die Art, den Umfang und den Zweck der Erhebung und Verwendung personenbezogener Daten durch den Websitebetreiber (Julian Reinhard, L\u00e4rchenstra\u00dfe 7, 79256 Buchenbach) informieren.Als Websitebetreiber nehmen wir Ihren Datenschutz sehr ernst und behandeln Ihre personenbezogenen Daten vertraulich und\" \/>\n<meta property=\"og:url\" content=\"https:\/\/zahnarztpraxis-buchenbach.de\/?page_id=75\" \/>\n<meta property=\"og:site_name\" content=\"Zahnarztpraxis Buchenbach\" \/>\n<meta property=\"article:modified_time\" content=\"2021-04-21T17:43:07+00:00\" \/>\n<meta name=\"twitter:card\" content=\"summary_large_image\" \/>\n<meta name=\"twitter:label1\" content=\"Gesch\u00e4tzte Lesezeit\" \/>\n\t<meta name=\"twitter:data1\" content=\"4\u00a0Minuten\" \/>\n<script type=\"application\/ld+json\" class=\"yoast-schema-graph\">{\"@context\":\"https:\\\/\\\/schema.org\",\"@graph\":[{\"@type\":\"WebPage\",\"@id\":\"https:\\\/\\\/zahnarztpraxis-buchenbach.de\\\/?page_id=75\",\"url\":\"https:\\\/\\\/zahnarztpraxis-buchenbach.de\\\/?page_id=75\",\"name\":\"Datenschutz - Zahnarztpraxis Buchenbach\",\"isPartOf\":{\"@id\":\"https:\\\/\\\/zahnarztpraxis-buchenbach.de\\\/#website\"},\"datePublished\":\"2020-01-24T12:35:26+00:00\",\"dateModified\":\"2021-04-21T17:43:07+00:00\",\"breadcrumb\":{\"@id\":\"https:\\\/\\\/zahnarztpraxis-buchenbach.de\\\/?page_id=75#breadcrumb\"},\"inLanguage\":\"de\",\"potentialAction\":[{\"@type\":\"ReadAction\",\"target\":[\"https:\\\/\\\/zahnarztpraxis-buchenbach.de\\\/?page_id=75\"]}]},{\"@type\":\"BreadcrumbList\",\"@id\":\"https:\\\/\\\/zahnarztpraxis-buchenbach.de\\\/?page_id=75#breadcrumb\",\"itemListElement\":[{\"@type\":\"ListItem\",\"position\":1,\"name\":\"Startseite\",\"item\":\"https:\\\/\\\/zahnarztpraxis-buchenbach.de\\\/\"},{\"@type\":\"ListItem\",\"position\":2,\"name\":\"Datenschutz\"}]},{\"@type\":\"WebSite\",\"@id\":\"https:\\\/\\\/zahnarztpraxis-buchenbach.de\\\/#website\",\"url\":\"https:\\\/\\\/zahnarztpraxis-buchenbach.de\\\/\",\"name\":\"Zahnarztpraxis Buchenbach\",\"description\":\"Julian Reinhard\",\"publisher\":{\"@id\":\"https:\\\/\\\/zahnarztpraxis-buchenbach.de\\\/#organization\"},\"potentialAction\":[{\"@type\":\"SearchAction\",\"target\":{\"@type\":\"EntryPoint\",\"urlTemplate\":\"https:\\\/\\\/zahnarztpraxis-buchenbach.de\\\/?s={search_term_string}\"},\"query-input\":{\"@type\":\"PropertyValueSpecification\",\"valueRequired\":true,\"valueName\":\"search_term_string\"}}],\"inLanguage\":\"de\"},{\"@type\":\"Organization\",\"@id\":\"https:\\\/\\\/zahnarztpraxis-buchenbach.de\\\/#organization\",\"name\":\"Zahnarztpraxis Buchenbach\",\"url\":\"https:\\\/\\\/zahnarztpraxis-buchenbach.de\\\/\",\"logo\":{\"@type\":\"ImageObject\",\"inLanguage\":\"de\",\"@id\":\"https:\\\/\\\/zahnarztpraxis-buchenbach.de\\\/#\\\/schema\\\/logo\\\/image\\\/\",\"url\":\"https:\\\/\\\/zahnarztpraxis-buchenbach.de\\\/wp-content\\\/uploads\\\/2020\\\/01\\\/cropped-ZPB_Logo_Web_03-1.png\",\"contentUrl\":\"https:\\\/\\\/zahnarztpraxis-buchenbach.de\\\/wp-content\\\/uploads\\\/2020\\\/01\\\/cropped-ZPB_Logo_Web_03-1.png\",\"width\":366,\"height\":125,\"caption\":\"Zahnarztpraxis Buchenbach\"},\"image\":{\"@id\":\"https:\\\/\\\/zahnarztpraxis-buchenbach.de\\\/#\\\/schema\\\/logo\\\/image\\\/\"}}]}<\/script>\n<!-- \/ Yoast SEO plugin. -->","yoast_head_json":{"title":"Datenschutz - Zahnarztpraxis Buchenbach","robots":{"index":"index","follow":"follow","max-snippet":"max-snippet:-1","max-image-preview":"max-image-preview:large","max-video-preview":"max-video-preview:-1"},"canonical":"https:\/\/zahnarztpraxis-buchenbach.de\/?page_id=75","og_locale":"de_DE","og_type":"article","og_title":"Datenschutz - Zahnarztpraxis Buchenbach","og_description":"Datenschutzerkl\u00e4rung Diese Datenschutzerkl\u00e4rung soll die Nutzer dieser Website gem\u00e4\u00df Bundesdatenschutzgesetz und Telemediengesetz \u00fcber die Art, den Umfang und den Zweck der Erhebung und Verwendung personenbezogener Daten durch den Websitebetreiber (Julian Reinhard, L\u00e4rchenstra\u00dfe 7, 79256 Buchenbach) informieren.Als Websitebetreiber nehmen wir Ihren Datenschutz sehr ernst und behandeln Ihre personenbezogenen Daten vertraulich und","og_url":"https:\/\/zahnarztpraxis-buchenbach.de\/?page_id=75","og_site_name":"Zahnarztpraxis Buchenbach","article_modified_time":"2021-04-21T17:43:07+00:00","twitter_card":"summary_large_image","twitter_misc":{"Gesch\u00e4tzte Lesezeit":"4\u00a0Minuten"},"schema":{"@context":"https:\/\/schema.org","@graph":[{"@type":"WebPage","@id":"https:\/\/zahnarztpraxis-buchenbach.de\/?page_id=75","url":"https:\/\/zahnarztpraxis-buchenbach.de\/?page_id=75","name":"Datenschutz - Zahnarztpraxis Buchenbach","isPartOf":{"@id":"https:\/\/zahnarztpraxis-buchenbach.de\/#website"},"datePublished":"2020-01-24T12:35:26+00:00","dateModified":"2021-04-21T17:43:07+00:00","breadcrumb":{"@id":"https:\/\/zahnarztpraxis-buchenbach.de\/?page_id=75#breadcrumb"},"inLanguage":"de","potentialAction":[{"@type":"ReadAction","target":["https:\/\/zahnarztpraxis-buchenbach.de\/?page_id=75"]}]},{"@type":"BreadcrumbList","@id":"https:\/\/zahnarztpraxis-buchenbach.de\/?page_id=75#breadcrumb","itemListElement":[{"@type":"ListItem","position":1,"name":"Startseite","item":"https:\/\/zahnarztpraxis-buchenbach.de\/"},{"@type":"ListItem","position":2,"name":"Datenschutz"}]},{"@type":"WebSite","@id":"https:\/\/zahnarztpraxis-buchenbach.de\/#website","url":"https:\/\/zahnarztpraxis-buchenbach.de\/","name":"Zahnarztpraxis Buchenbach","description":"Julian Reinhard","publisher":{"@id":"https:\/\/zahnarztpraxis-buchenbach.de\/#organization"},"potentialAction":[{"@type":"SearchAction","target":{"@type":"EntryPoint","urlTemplate":"https:\/\/zahnarztpraxis-buchenbach.de\/?s={search_term_string}"},"query-input":{"@type":"PropertyValueSpecification","valueRequired":true,"valueName":"search_term_string"}}],"inLanguage":"de"},{"@type":"Organization","@id":"https:\/\/zahnarztpraxis-buchenbach.de\/#organization","name":"Zahnarztpraxis Buchenbach","url":"https:\/\/zahnarztpraxis-buchenbach.de\/","logo":{"@type":"ImageObject","inLanguage":"de","@id":"https:\/\/zahnarztpraxis-buchenbach.de\/#\/schema\/logo\/image\/","url":"https:\/\/zahnarztpraxis-buchenbach.de\/wp-content\/uploads\/2020\/01\/cropped-ZPB_Logo_Web_03-1.png","contentUrl":"https:\/\/zahnarztpraxis-buchenbach.de\/wp-content\/uploads\/2020\/01\/cropped-ZPB_Logo_Web_03-1.png","width":366,"height":125,"caption":"Zahnarztpraxis Buchenbach"},"image":{"@id":"https:\/\/zahnarztpraxis-buchenbach.de\/#\/schema\/logo\/image\/"}}]}},"_links":{"self":[{"href":"https:\/\/zahnarztpraxis-buchenbach.de\/index.php?rest_route=\/wp\/v2\/pages\/75","targetHints":{"allow":["GET"]}}],"collection":[{"href":"https:\/\/zahnarztpraxis-buchenbach.de\/index.php?rest_route=\/wp\/v2\/pages"}],"about":[{"href":"https:\/\/zahnarztpraxis-buchenbach.de\/index.php?rest_route=\/wp\/v2\/types\/page"}],"author":[{"embeddable":true,"href":"https:\/\/zahnarztpraxis-buchenbach.de\/index.php?rest_route=\/wp\/v2\/users\/1"}],"replies":[{"embeddable":true,"href":"https:\/\/zahnarztpraxis-buchenbach.de\/index.php?rest_route=%2Fwp%2Fv2%2Fcomments&post=75"}],"version-history":[{"count":10,"href":"https:\/\/zahnarztpraxis-buchenbach.de\/index.php?rest_route=\/wp\/v2\/pages\/75\/revisions"}],"predecessor-version":[{"id":294,"href":"https:\/\/zahnarztpraxis-buchenbach.de\/index.php?rest_route=\/wp\/v2\/pages\/75\/revisions\/294"}],"wp:attachment":[{"href":"https:\/\/zahnarztpraxis-buchenbach.de\/index.php?rest_route=%2Fwp%2Fv2%2Fmedia&parent=75"}],"curies":[{"name":"wp","href":"https:\/\/api.w.org\/{rel}","templated":true}]}}